{"id":951,"date":"2019-12-01T11:38:58","date_gmt":"2019-12-01T15:38:58","guid":{"rendered":"https:\/\/www.casa-bonaventura.com\/reservieren\/"},"modified":"2022-11-27T13:56:43","modified_gmt":"2022-11-27T17:56:43","slug":"reservieren","status":"publish","type":"page","link":"https:\/\/casa-bonaventura.com\/de\/reservieren\/","title":{"rendered":"Reservieren"},"content":{"rendered":"<p>[et_pb_section fb_built=&#8220;1&#8243; fullwidth=&#8220;on&#8220; admin_label=&#8220;Header Section&#8220; _builder_version=&#8220;4.16&#8243; background_enable_color=&#8220;off&#8220; custom_margin=&#8220;||||false|false&#8220; custom_padding=&#8220;||||false|false&#8220; global_colors_info=&#8220;{}&#8220;][et_pb_fullwidth_header title=&#8220;Reservieren&#8220; _builder_version=&#8220;4.16&#8243; content_font=&#8220;||||||||&#8220; content_text_color=&#8220;#000000&#8243; content_font_size=&#8220;18px&#8220; background_color=&#8220;#ffffff&#8220; background_layout=&#8220;light&#8220; module_alignment=&#8220;left&#8220; custom_margin=&#8220;|||-8vw|false|false&#8220; custom_padding=&#8220;||||false|false&#8220; global_colors_info=&#8220;{}&#8220;]<strong>Ab EUR 95,= pro Nacht k\u00f6nnen Sie einen sch\u00f6nen Urlaub in Casa Bonaventura genie\u00dfen!<\/strong><br \/>\n<strong>Nachdem Sie das gew\u00fcnschte An- und Abreisedatum und die Anzahl der Personen eingegeben haben, werden Sie sehen, was der Preis f\u00fcr Ihren Aufenthalt ist.<\/strong>[\/et_pb_fullwidth_header][et_pb_fullwidth_code _builder_version=&#8220;4.19.1&#8243; background_enable_color=&#8220;off&#8220; hover_enabled=&#8220;0&#8243; global_colors_info=&#8220;{}&#8220; sticky_enabled=&#8220;0&#8243;]<\/p>\n<div id=\"apartmentIframe1454926\"><!-- [et_pb_line_break_holder] --><script type=\"text\/javascript\" src=\"https:\/\/login.smoobu.com\/js\/Settings\/BookingToolIframe.js\"><\/script><!-- [et_pb_line_break_holder] --><script>BookingToolIframe.initialize({\"url\": \"https:\/\/login.smoobu.com\/nl\/booking-tool\/iframe\/497659\/1454926\", \"baseUrl\": \"https:\/\/login.smoobu.com\", \"target\": \"#apartmentIframe1454926\"})<\/script><!-- [et_pb_line_break_holder] --><\/div>\n<p>[\/et_pb_fullwidth_code][\/et_pb_section]<\/p>\n","protected":false},"excerpt":{"rendered":"<p>Ab EUR 95,= pro Nacht k\u00f6nnen Sie einen sch\u00f6nen Urlaub in Casa Bonaventura genie\u00dfen! Nachdem Sie das gew\u00fcnschte An- und Abreisedatum und die Anzahl der Personen eingegeben haben, werden Sie sehen, was der Preis f\u00fcr Ihren Aufenthalt ist.<\/p>\n","protected":false},"author":1,"featured_media":0,"parent":0,"menu_order":0,"comment_status":"closed","ping_status":"closed","template":"","meta":{"_et_pb_use_builder":"on","_et_pb_old_content":"","_et_gb_content_width":"","footnotes":""},"class_list":["post-951","page","type-page","status-publish","hentry"],"_links":{"self":[{"href":"https:\/\/casa-bonaventura.com\/de\/wp-json\/wp\/v2\/pages\/951","targetHints":{"allow":["GET"]}}],"collection":[{"href":"https:\/\/casa-bonaventura.com\/de\/wp-json\/wp\/v2\/pages"}],"about":[{"href":"https:\/\/casa-bonaventura.com\/de\/wp-json\/wp\/v2\/types\/page"}],"author":[{"embeddable":true,"href":"https:\/\/casa-bonaventura.com\/de\/wp-json\/wp\/v2\/users\/1"}],"replies":[{"embeddable":true,"href":"https:\/\/casa-bonaventura.com\/de\/wp-json\/wp\/v2\/comments?post=951"}],"version-history":[{"count":21,"href":"https:\/\/casa-bonaventura.com\/de\/wp-json\/wp\/v2\/pages\/951\/revisions"}],"predecessor-version":[{"id":1050,"href":"https:\/\/casa-bonaventura.com\/de\/wp-json\/wp\/v2\/pages\/951\/revisions\/1050"}],"wp:attachment":[{"href":"https:\/\/casa-bonaventura.com\/de\/wp-json\/wp\/v2\/media?parent=951"}],"curies":[{"name":"wp","href":"https:\/\/api.w.org\/{rel}","templated":true}]}}